{"id":475,"date":"2026-02-10T11:02:30","date_gmt":"2026-02-10T10:02:30","guid":{"rendered":"https:\/\/clubdetenisalmussafes.com\/?page_id=475"},"modified":"2026-02-12T10:22:42","modified_gmt":"2026-02-12T09:22:42","slug":"fotos","status":"publish","type":"page","link":"https:\/\/clubdetenisalmussafes.com\/index.php\/fotos\/","title":{"rendered":"FOTOS"},"content":{"rendered":"\t\t<div data-elementor-type=\"wp-page\" data-elementor-id=\"475\" class=\"elementor elementor-475\">\n\t\t\t\t\t\t<section class=\"elementor-section elementor-top-section elementor-element elementor-element-38ff0608 elementor-section-boxed elementor-section-height-default elementor-section-height-default\" data-id=\"38ff0608\" data-element_type=\"section\" data-e-type=\"section\">\n\t\t\t\t\t\t<div class=\"elementor-container elementor-column-gap-default\">\n\t\t\t\t\t<div class=\"elementor-column elementor-col-100 elementor-top-column elementor-element elementor-element-4336e353\" data-id=\"4336e353\" data-element_type=\"column\" data-e-type=\"column\">\n\t\t\t<div class=\"elementor-widget-wrap elementor-element-populated\">\n\t\t\t\t\t\t<div class=\"elementor-element elementor-element-5af03ce1 elementor-widget elementor-widget-text-editor\" data-id=\"5af03ce1\" data-element_type=\"widget\" data-e-type=\"widget\" data-widget_type=\"text-editor.default\">\n\t\t\t\t<div class=\"elementor-widget-container\">\n\t\t\t\t\t\t\t\t\t<p style=\"text-align: center;\">Aqu\u00ed encontrar\u00e1s una completa galer\u00eda fotogr\u00e1fica de nuestro club, ordenada por temporadas.<\/p><p><!-- \/wp:paragraph --><\/p>\t\t\t\t\t\t\t\t<\/div>\n\t\t\t\t<\/div>\n\t\t\t\t<section class=\"elementor-section elementor-inner-section elementor-element elementor-element-c385fa4 elementor-section-boxed elementor-section-height-default elementor-section-height-default\" data-id=\"c385fa4\" data-element_type=\"section\" data-e-type=\"section\">\n\t\t\t\t\t\t<div class=\"elementor-container elementor-column-gap-default\">\n\t\t\t\t\t<div class=\"elementor-column elementor-col-50 elementor-inner-column elementor-element elementor-element-215522a\" data-id=\"215522a\" data-element_type=\"column\" data-e-type=\"column\">\n\t\t\t<div class=\"elementor-widget-wrap elementor-element-populated\">\n\t\t\t\t\t\t<div class=\"elementor-element elementor-element-a8265bb elementor-widget elementor-widget-image\" data-id=\"a8265bb\" data-element_type=\"widget\" data-e-type=\"widget\" data-widget_type=\"image.default\">\n\t\t\t\t<div class=\"elementor-widget-container\">\n\t\t\t\t\t\t\t\t\t\t\t\t<figure class=\"wp-caption\">\n\t\t\t\t\t\t\t\t\t\t\t<a href=\"https:\/\/goo.gl\/photos\/wKhPReMSuX1VAP2a8\" target=\"_blank\">\n\t\t\t\t\t\t\t<img fetchpriority=\"high\" decoding=\"async\" width=\"394\" height=\"360\" src=\"https:\/\/clubdetenisalmussafes.com\/wp-content\/uploads\/2026\/02\/FOTOS-2026-12-I-VALENCIA-TENIS-CHALLENGE-394x360.jpg\" class=\"attachment-executive-portfolio-image size-executive-portfolio-image wp-image-525\" alt=\"I VALENCIA TENNIS CHALLENGE 2025\" \/>\t\t\t\t\t\t\t\t<\/a>\n\t\t\t\t\t\t\t\t\t\t\t<figcaption class=\"widget-image-caption wp-caption-text\"><\/figcaption>\n\t\t\t\t\t\t\t\t\t\t<\/figure>\n\t\t\t\t\t\t\t\t\t<\/div>\n\t\t\t\t<\/div>\n\t\t\t\t\t<\/div>\n\t\t<\/div>\n\t\t\t\t<div class=\"elementor-column elementor-col-50 elementor-inner-column elementor-element elementor-element-05c3222\" data-id=\"05c3222\" data-element_type=\"column\" data-e-type=\"column\">\n\t\t\t<div class=\"elementor-widget-wrap elementor-element-populated\">\n\t\t\t\t\t\t<div class=\"elementor-element elementor-element-a8d3c2c elementor-widget elementor-widget-image\" data-id=\"a8d3c2c\" data-element_type=\"widget\" data-e-type=\"widget\" data-widget_type=\"image.default\">\n\t\t\t\t<div class=\"elementor-widget-container\">\n\t\t\t\t\t\t\t\t\t\t\t\t<figure class=\"wp-caption\">\n\t\t\t\t\t\t\t\t\t\t\t<a href=\"https:\/\/photos.app.goo.gl\/96pdqKC99JGvKa369\" target=\"_blank\">\n\t\t\t\t\t\t\t<img decoding=\"async\" width=\"473\" height=\"360\" src=\"https:\/\/clubdetenisalmussafes.com\/wp-content\/uploads\/2026\/02\/FOTOS-2020-04-ACTIVIDADES-DEL-CLUB-473x360.jpg\" class=\"attachment-executive-front-featured size-executive-front-featured wp-image-529\" alt=\"ACTIVIDADES DEL CLUB\" \/>\t\t\t\t\t\t\t\t<\/a>\n\t\t\t\t\t\t\t\t\t\t\t<figcaption class=\"widget-image-caption wp-caption-text\"><\/figcaption>\n\t\t\t\t\t\t\t\t\t\t<\/figure>\n\t\t\t\t\t\t\t\t\t<\/div>\n\t\t\t\t<\/div>\n\t\t\t\t\t<\/div>\n\t\t<\/div>\n\t\t\t\t\t<\/div>\n\t\t<\/section>\n\t\t\t\t<section class=\"elementor-section elementor-inner-section elementor-element elementor-element-1ac1f7d elementor-section-boxed elementor-section-height-default elementor-section-height-default\" data-id=\"1ac1f7d\" data-element_type=\"section\" data-e-type=\"section\">\n\t\t\t\t\t\t<div class=\"elementor-container elementor-column-gap-default\">\n\t\t\t\t\t<div class=\"elementor-column elementor-col-50 elementor-inner-column elementor-element elementor-element-25d3baa\" data-id=\"25d3baa\" data-element_type=\"column\" data-e-type=\"column\">\n\t\t\t<div class=\"elementor-widget-wrap elementor-element-populated\">\n\t\t\t\t\t\t<div class=\"elementor-element elementor-element-04978ab elementor-widget elementor-widget-image\" data-id=\"04978ab\" data-element_type=\"widget\" data-e-type=\"widget\" data-widget_type=\"image.default\">\n\t\t\t\t<div class=\"elementor-widget-container\">\n\t\t\t\t\t\t\t\t\t\t\t\t<figure class=\"wp-caption\">\n\t\t\t\t\t\t\t\t\t\t\t<a href=\"https:\/\/photos.app.goo.gl\/oZM1CQjSDb7rL4o9A\" target=\"_blank\">\n\t\t\t\t\t\t\t<img decoding=\"async\" width=\"590\" height=\"567\" src=\"https:\/\/clubdetenisalmussafes.com\/wp-content\/uploads\/2026\/02\/FOTOS-2025-04-TSR-XXVII.jpg\" class=\"attachment-large size-large wp-image-534\" alt=\"XXVII OPEN NACIONAL TSR 2025\" srcset=\"https:\/\/clubdetenisalmussafes.com\/wp-content\/uploads\/2026\/02\/FOTOS-2025-04-TSR-XXVII.jpg 590w, https:\/\/clubdetenisalmussafes.com\/wp-content\/uploads\/2026\/02\/FOTOS-2025-04-TSR-XXVII-300x288.jpg 300w\" sizes=\"(max-width: 590px) 100vw, 590px\" \/>\t\t\t\t\t\t\t\t<\/a>\n\t\t\t\t\t\t\t\t\t\t\t<figcaption class=\"widget-image-caption wp-caption-text\"><\/figcaption>\n\t\t\t\t\t\t\t\t\t\t<\/figure>\n\t\t\t\t\t\t\t\t\t<\/div>\n\t\t\t\t<\/div>\n\t\t\t\t\t<\/div>\n\t\t<\/div>\n\t\t\t\t<div class=\"elementor-column elementor-col-50 elementor-inner-column elementor-element elementor-element-6a65993\" data-id=\"6a65993\" data-element_type=\"column\" data-e-type=\"column\">\n\t\t\t<div class=\"elementor-widget-wrap\">\n\t\t\t\t\t\t\t<\/div>\n\t\t<\/div>\n\t\t\t\t\t<\/div>\n\t\t<\/section>\n\t\t\t\t\t<\/div>\n\t\t<\/div>\n\t\t\t\t\t<\/div>\n\t\t<\/section>\n\t\t\t\t<section class=\"elementor-section elementor-top-section elementor-element elementor-element-67d31af elementor-section-boxed elementor-section-height-default elementor-section-height-default\" data-id=\"67d31af\" data-element_type=\"section\" data-e-type=\"section\">\n\t\t\t\t\t\t<div class=\"elementor-container elementor-column-gap-default\">\n\t\t\t\t\t<div class=\"elementor-column elementor-col-100 elementor-top-column elementor-element elementor-element-537c265\" data-id=\"537c265\" data-element_type=\"column\" data-e-type=\"column\">\n\t\t\t<div class=\"elementor-widget-wrap elementor-element-populated\">\n\t\t\t\t\t\t<div class=\"elementor-element elementor-element-7164ceb elementor-widget elementor-widget-image-gallery\" data-id=\"7164ceb\" data-element_type=\"widget\" data-e-type=\"widget\" data-widget_type=\"image-gallery.default\">\n\t\t\t\t<div class=\"elementor-widget-container\">\n\t\t\t\t\t\t\t<div class=\"elementor-image-gallery\">\n\t\t\t<div id='gallery-1' class='gallery galleryid-475 gallery-columns-4 gallery-size-thumbnail'><figure class='gallery-item'>\n\t\t\t<div class='gallery-icon landscape'>\n\t\t\t\t<a data-elementor-open-lightbox=\"yes\" data-elementor-lightbox-slideshow=\"7164ceb\" data-elementor-lightbox-title=\"2025-CAMPUS JULIO (125)\" data-e-action-hash=\"#elementor-action%3Aaction%3Dlightbox%26settings%3DeyJpZCI6MzQxLCJ1cmwiOiJodHRwczpcL1wvY2x1YmRldGVuaXNhbG11c3NhZmVzLmNvbVwvd3AtY29udGVudFwvdXBsb2Fkc1wvMjAyNlwvMDFcLzIwMjUtQ0FNUFVTLUpVTElPLTEyNS5qcGciLCJzbGlkZXNob3ciOiI3MTY0Y2ViIn0%3D\" href='https:\/\/clubdetenisalmussafes.com\/wp-content\/uploads\/2026\/01\/2025-CAMPUS-JULIO-125.jpg'><img loading=\"lazy\" decoding=\"async\" width=\"150\" height=\"150\" src=\"https:\/\/clubdetenisalmussafes.com\/wp-content\/uploads\/2026\/01\/2025-CAMPUS-JULIO-125-150x150.jpg\" class=\"attachment-thumbnail size-thumbnail\" alt=\"\" \/><\/a>\n\t\t\t<\/div><\/figure><figure class='gallery-item'>\n\t\t\t<div class='gallery-icon landscape'>\n\t\t\t\t<a data-elementor-open-lightbox=\"yes\" data-elementor-lightbox-slideshow=\"7164ceb\" data-elementor-lightbox-title=\"Club Tenis_Horizontal_Verde AF\" data-e-action-hash=\"#elementor-action%3Aaction%3Dlightbox%26settings%3DeyJpZCI6MzQ1LCJ1cmwiOiJodHRwczpcL1wvY2x1YmRldGVuaXNhbG11c3NhZmVzLmNvbVwvd3AtY29udGVudFwvdXBsb2Fkc1wvMjAyNlwvMDFcL0NsdWItVGVuaXNfSG9yaXpvbnRhbF9WZXJkZS1BRi1lMTc2ODU1NTA1MzYzNS5qcGciLCJzbGlkZXNob3ciOiI3MTY0Y2ViIn0%3D\" href='https:\/\/clubdetenisalmussafes.com\/wp-content\/uploads\/2026\/01\/Club-Tenis_Horizontal_Verde-AF-e1768555053635.jpg'><img loading=\"lazy\" decoding=\"async\" width=\"150\" height=\"150\" src=\"https:\/\/clubdetenisalmussafes.com\/wp-content\/uploads\/2026\/01\/Club-Tenis_Horizontal_Verde-AF-150x150.jpg\" class=\"attachment-thumbnail size-thumbnail\" alt=\"\" \/><\/a>\n\t\t\t<\/div><\/figure><figure class='gallery-item'>\n\t\t\t<div class='gallery-icon portrait'>\n\t\t\t\t<a data-elementor-open-lightbox=\"yes\" data-elementor-lightbox-slideshow=\"7164ceb\" data-elementor-lightbox-title=\"260205 CARTEL TSR XXVIII 2026\" data-e-action-hash=\"#elementor-action%3Aaction%3Dlightbox%26settings%3DeyJpZCI6NDA4LCJ1cmwiOiJodHRwczpcL1wvY2x1YmRldGVuaXNhbG11c3NhZmVzLmNvbVwvd3AtY29udGVudFwvdXBsb2Fkc1wvMjAyNlwvMDJcLzI2MDIwNS1DQVJURUwtVFNSLVhYVklJSS0yMDI2LWUxNzcwNjYyODY1ODk3LmpwZWciLCJzbGlkZXNob3ciOiI3MTY0Y2ViIn0%3D\" href='https:\/\/clubdetenisalmussafes.com\/wp-content\/uploads\/2026\/02\/260205-CARTEL-TSR-XXVIII-2026-e1770662865897.jpeg'><img loading=\"lazy\" decoding=\"async\" width=\"150\" height=\"150\" src=\"https:\/\/clubdetenisalmussafes.com\/wp-content\/uploads\/2026\/02\/260205-CARTEL-TSR-XXVIII-2026-150x150.jpeg\" class=\"attachment-thumbnail size-thumbnail\" alt=\"\" \/><\/a>\n\t\t\t<\/div><\/figure><figure class='gallery-item'>\n\t\t\t<div class='gallery-icon landscape'>\n\t\t\t\t<a data-elementor-open-lightbox=\"yes\" data-elementor-lightbox-slideshow=\"7164ceb\" data-elementor-lightbox-title=\"260209 PORTA WEB CTENISALMU\" data-e-action-hash=\"#elementor-action%3Aaction%3Dlightbox%26settings%3DeyJpZCI6Mzg5LCJ1cmwiOiJodHRwczpcL1wvY2x1YmRldGVuaXNhbG11c3NhZmVzLmNvbVwvd3AtY29udGVudFwvdXBsb2Fkc1wvMjAyNlwvMDJcLzI2MDIwOS1QT1JUQS1XRUItQ1RFTklTQUxNVS5qcGciLCJzbGlkZXNob3ciOiI3MTY0Y2ViIn0%3D\" href='https:\/\/clubdetenisalmussafes.com\/wp-content\/uploads\/2026\/02\/260209-PORTA-WEB-CTENISALMU.jpg'><img loading=\"lazy\" decoding=\"async\" width=\"150\" height=\"150\" src=\"https:\/\/clubdetenisalmussafes.com\/wp-content\/uploads\/2026\/02\/260209-PORTA-WEB-CTENISALMU-150x150.jpg\" class=\"attachment-thumbnail size-thumbnail\" alt=\"\" \/><\/a>\n\t\t\t<\/div><\/figure>\n\t\t<\/div>\n\t\t<\/div>\n\t\t\t\t\t\t<\/div>\n\t\t\t\t<\/div>\n\t\t\t\t\t<\/div>\n\t\t<\/div>\n\t\t\t\t\t<\/div>\n\t\t<\/section>\n\t\t\t\t<section class=\"elementor-section elementor-top-section elementor-element elementor-element-94dfc63 elementor-section-boxed elementor-section-height-default elementor-section-height-default\" data-id=\"94dfc63\" data-element_type=\"section\" data-e-type=\"section\">\n\t\t\t\t\t\t<div class=\"elementor-container elementor-column-gap-default\">\n\t\t\t\t\t<div class=\"elementor-column elementor-col-100 elementor-top-column elementor-element elementor-element-cfd6e06\" data-id=\"cfd6e06\" data-element_type=\"column\" data-e-type=\"column\">\n\t\t\t<div class=\"elementor-widget-wrap\">\n\t\t\t\t\t\t\t<\/div>\n\t\t<\/div>\n\t\t\t\t\t<\/div>\n\t\t<\/section>\n\t\t\t\t<\/div>\n\t\t","protected":false},"excerpt":{"rendered":"<p>Aqu\u00ed encontrar\u00e1s una completa galer\u00eda fotogr\u00e1fica de nuestro club, ordenada por temporadas.<\/p>\n","protected":false},"author":1,"featured_media":0,"parent":0,"menu_order":0,"comment_status":"closed","ping_status":"closed","template":"","meta":{"_joinchat":[],"footnotes":""},"class_list":["post-475","page","type-page","status-publish","hentry"],"_links":{"self":[{"href":"https:\/\/clubdetenisalmussafes.com\/index.php\/wp-json\/wp\/v2\/pages\/475","targetHints":{"allow":["GET"]}}],"collection":[{"href":"https:\/\/clubdetenisalmussafes.com\/index.php\/wp-json\/wp\/v2\/pages"}],"about":[{"href":"https:\/\/clubdetenisalmussafes.com\/index.php\/wp-json\/wp\/v2\/types\/page"}],"author":[{"embeddable":true,"href":"https:\/\/clubdetenisalmussafes.com\/index.php\/wp-json\/wp\/v2\/users\/1"}],"replies":[{"embeddable":true,"href":"https:\/\/clubdetenisalmussafes.com\/index.php\/wp-json\/wp\/v2\/comments?post=475"}],"version-history":[{"count":17,"href":"https:\/\/clubdetenisalmussafes.com\/index.php\/wp-json\/wp\/v2\/pages\/475\/revisions"}],"predecessor-version":[{"id":538,"href":"https:\/\/clubdetenisalmussafes.com\/index.php\/wp-json\/wp\/v2\/pages\/475\/revisions\/538"}],"wp:attachment":[{"href":"https:\/\/clubdetenisalmussafes.com\/index.php\/wp-json\/wp\/v2\/media?parent=475"}],"curies":[{"name":"wp","href":"https:\/\/api.w.org\/{rel}","templated":true}]}}