{"id":2,"date":"2021-02-22T10:52:01","date_gmt":"2021-02-22T10:52:01","guid":{"rendered":"https:\/\/luand.es\/?page_id=2"},"modified":"2026-03-14T13:00:06","modified_gmt":"2026-03-14T12:00:06","slug":"luand-soluciones-constructivas-en-pladur","status":"publish","type":"page","link":"https:\/\/clubdetenisalmussafes.com\/","title":{"rendered":"BIENVENIDOS"},"content":{"rendered":"\t\t<div data-elementor-type=\"wp-page\" data-elementor-id=\"2\" class=\"elementor elementor-2\">\n\t\t\t\t\t\t<section class=\"elementor-section elementor-top-section elementor-element elementor-element-38ff0608 elementor-section-boxed elementor-section-height-default elementor-section-height-default\" data-id=\"38ff0608\" data-element_type=\"section\" data-e-type=\"section\">\n\t\t\t\t\t\t<div class=\"elementor-container elementor-column-gap-default\">\n\t\t\t\t\t<div class=\"elementor-column elementor-col-100 elementor-top-column elementor-element elementor-element-4336e353\" data-id=\"4336e353\" data-element_type=\"column\" data-e-type=\"column\">\n\t\t\t<div class=\"elementor-widget-wrap elementor-element-populated\">\n\t\t\t\t\t\t<div class=\"elementor-element elementor-element-dcf8914 elementor-widget elementor-widget-image\" data-id=\"dcf8914\" data-element_type=\"widget\" data-e-type=\"widget\" data-widget_type=\"image.default\">\n\t\t\t\t<div class=\"elementor-widget-container\">\n\t\t\t\t\t\t\t\t\t\t\t\t\t\t\t\t<a href=\"https:\/\/clubdetenisalmussafes.com\/index.php\/2026\/03\/06\/xxviii-open-tsr\/\" target=\"_blank\">\n\t\t\t\t\t\t\t<img fetchpriority=\"high\" decoding=\"async\" width=\"758\" height=\"1024\" src=\"https:\/\/clubdetenisalmussafes.com\/wp-content\/uploads\/2026\/03\/260314-CARTEL-CON-ORGANIZADOR-TSR-XXVIII-2026-758x1024.jpg\" class=\"attachment-large size-large wp-image-744\" alt=\"\" srcset=\"https:\/\/clubdetenisalmussafes.com\/wp-content\/uploads\/2026\/03\/260314-CARTEL-CON-ORGANIZADOR-TSR-XXVIII-2026-758x1024.jpg 758w, https:\/\/clubdetenisalmussafes.com\/wp-content\/uploads\/2026\/03\/260314-CARTEL-CON-ORGANIZADOR-TSR-XXVIII-2026-222x300.jpg 222w, https:\/\/clubdetenisalmussafes.com\/wp-content\/uploads\/2026\/03\/260314-CARTEL-CON-ORGANIZADOR-TSR-XXVIII-2026-768x1037.jpg 768w, https:\/\/clubdetenisalmussafes.com\/wp-content\/uploads\/2026\/03\/260314-CARTEL-CON-ORGANIZADOR-TSR-XXVIII-2026-1137x1536.jpg 1137w, https:\/\/clubdetenisalmussafes.com\/wp-content\/uploads\/2026\/03\/260314-CARTEL-CON-ORGANIZADOR-TSR-XXVIII-2026.jpg 1426w\" sizes=\"(max-width: 758px) 100vw, 758px\" \/>\t\t\t\t\t\t\t\t<\/a>\n\t\t\t\t\t\t\t\t\t\t\t\t\t\t\t<\/div>\n\t\t\t\t<\/div>\n\t\t\t\t<div class=\"elementor-element elementor-element-5af03ce1 elementor-widget elementor-widget-text-editor\" data-id=\"5af03ce1\" data-element_type=\"widget\" data-e-type=\"widget\" data-widget_type=\"text-editor.default\">\n\t\t\t\t<div class=\"elementor-widget-container\">\n\t\t\t\t\t\t\t\t\t<p>El Club de Tenis Almussafes es el club decano de la poblaci\u00f3n de Almussafes para la afici\u00f3n del deporte del tenis. Fundado en 1980, llevamos m\u00e1s de 45 a\u00f1os organizando eventos para este deporte, apoyando a la afici\u00f3n de Almussafes y de otras poblaciones cercanas, y llevando el buen nombre del Club por todas aquellas otras sedes con las que competimos habitualmente y con las que compartimos afici\u00f3n.<\/p><p><!-- \/wp:paragraph --><\/p>\t\t\t\t\t\t\t\t<\/div>\n\t\t\t\t<\/div>\n\t\t\t\t<div class=\"elementor-element elementor-element-280b049 elementor-widget elementor-widget-image\" data-id=\"280b049\" data-element_type=\"widget\" data-e-type=\"widget\" data-widget_type=\"image.default\">\n\t\t\t\t<div class=\"elementor-widget-container\">\n\t\t\t\t\t\t\t\t\t\t\t\t\t\t\t<img decoding=\"async\" width=\"224\" height=\"225\" src=\"https:\/\/clubdetenisalmussafes.com\/wp-content\/uploads\/2026\/02\/2602_LOGO_CTENISALMU.jpg\" class=\"attachment-large size-large wp-image-394\" alt=\"\" srcset=\"https:\/\/clubdetenisalmussafes.com\/wp-content\/uploads\/2026\/02\/2602_LOGO_CTENISALMU.jpg 224w, https:\/\/clubdetenisalmussafes.com\/wp-content\/uploads\/2026\/02\/2602_LOGO_CTENISALMU-150x150.jpg 150w\" sizes=\"(max-width: 224px) 100vw, 224px\" \/>\t\t\t\t\t\t\t\t\t\t\t\t\t\t\t<\/div>\n\t\t\t\t<\/div>\n\t\t\t\t\t<\/div>\n\t\t<\/div>\n\t\t\t\t\t<\/div>\n\t\t<\/section>\n\t\t\t\t<section class=\"elementor-section elementor-top-section elementor-element elementor-element-67d31af elementor-section-boxed elementor-section-height-default elementor-section-height-default\" data-id=\"67d31af\" data-element_type=\"section\" data-e-type=\"section\">\n\t\t\t\t\t\t<div class=\"elementor-container elementor-column-gap-default\">\n\t\t\t\t\t<div class=\"elementor-column elementor-col-100 elementor-top-column elementor-element elementor-element-537c265\" data-id=\"537c265\" data-element_type=\"column\" data-e-type=\"column\">\n\t\t\t<div class=\"elementor-widget-wrap\">\n\t\t\t\t\t\t\t<\/div>\n\t\t<\/div>\n\t\t\t\t\t<\/div>\n\t\t<\/section>\n\t\t\t\t<section class=\"elementor-section elementor-top-section elementor-element elementor-element-94dfc63 elementor-section-boxed elementor-section-height-default elementor-section-height-default\" data-id=\"94dfc63\" data-element_type=\"section\" data-e-type=\"section\">\n\t\t\t\t\t\t<div class=\"elementor-container elementor-column-gap-default\">\n\t\t\t\t\t<div class=\"elementor-column elementor-col-100 elementor-top-column elementor-element elementor-element-cfd6e06\" data-id=\"cfd6e06\" data-element_type=\"column\" data-e-type=\"column\">\n\t\t\t<div class=\"elementor-widget-wrap\">\n\t\t\t\t\t\t\t<\/div>\n\t\t<\/div>\n\t\t\t\t\t<\/div>\n\t\t<\/section>\n\t\t\t\t<\/div>\n\t\t","protected":false},"excerpt":{"rendered":"<p>El Club de Tenis Almussafes es el club decano de la poblaci\u00f3n de Almussafes para la afici\u00f3n del deporte del tenis. Fundado en 1980, llevamos m\u00e1s de 45 a\u00f1os organizando<a href=\"https:\/\/clubdetenisalmussafes.com\/\" class=\"more-link\">Leer m\u00e1s <span class=\"screen-reader-text\">BIENVENIDOS<\/span><\/a><\/p>\n","protected":false},"author":1,"featured_media":0,"parent":0,"menu_order":0,"comment_status":"closed","ping_status":"closed","template":"","meta":{"_joinchat":[],"footnotes":""},"class_list":["post-2","page","type-page","status-publish","hentry"],"_links":{"self":[{"href":"https:\/\/clubdetenisalmussafes.com\/index.php\/wp-json\/wp\/v2\/pages\/2","targetHints":{"allow":["GET"]}}],"collection":[{"href":"https:\/\/clubdetenisalmussafes.com\/index.php\/wp-json\/wp\/v2\/pages"}],"about":[{"href":"https:\/\/clubdetenisalmussafes.com\/index.php\/wp-json\/wp\/v2\/types\/page"}],"author":[{"embeddable":true,"href":"https:\/\/clubdetenisalmussafes.com\/index.php\/wp-json\/wp\/v2\/users\/1"}],"replies":[{"embeddable":true,"href":"https:\/\/clubdetenisalmussafes.com\/index.php\/wp-json\/wp\/v2\/comments?post=2"}],"version-history":[{"count":83,"href":"https:\/\/clubdetenisalmussafes.com\/index.php\/wp-json\/wp\/v2\/pages\/2\/revisions"}],"predecessor-version":[{"id":747,"href":"https:\/\/clubdetenisalmussafes.com\/index.php\/wp-json\/wp\/v2\/pages\/2\/revisions\/747"}],"wp:attachment":[{"href":"https:\/\/clubdetenisalmussafes.com\/index.php\/wp-json\/wp\/v2\/media?parent=2"}],"curies":[{"name":"wp","href":"https:\/\/api.w.org\/{rel}","templated":true}]}}